{"id":5529,"date":"2025-08-22T14:34:23","date_gmt":"2025-08-22T14:34:23","guid":{"rendered":"https:\/\/highllnewarsaw.org\/youtube-clause\/"},"modified":"2025-09-04T09:56:18","modified_gmt":"2025-09-04T09:56:18","slug":"youtube-clause","status":"publish","type":"page","link":"https:\/\/highllnewarsaw.org\/en\/youtube-clause\/","title":{"rendered":"YouTube clause"},"content":{"rendered":"\t\t<div data-elementor-type=\"wp-page\" data-elementor-id=\"5529\" class=\"elementor elementor-5529 elementor-5017\" data-elementor-post-type=\"page\">\n\t\t\t\t<div data-particle_enable=\"false\" data-particle-mobile-disabled=\"false\" class=\"elementor-element elementor-element-096d1b5 e-flex e-con-boxed e-con e-parent\" data-id=\"096d1b5\" data-element_type=\"container\" data-settings=\"{&quot;background_background&quot;:&quot;classic&quot;}\">\n\t\t\t\t\t<div class=\"e-con-inner\">\n\t\t\t\t<div class=\"elementor-element elementor-element-e383733 elementor-widget__width-initial elementor-invisible elementor-widget elementor-widget-heading\" data-id=\"e383733\" data-element_type=\"widget\" data-settings=\"{&quot;_animation&quot;:&quot;fadeInUp&quot;}\" data-widget_type=\"heading.default\">\n\t\t\t\t<div class=\"elementor-widget-container\">\n\t\t\t\t\t<h1 class=\"elementor-heading-title elementor-size-default\">Kluazula Youtube<\/h1>\t\t\t\t<\/div>\n\t\t\t\t<\/div>\n\t\t\t\t\t<\/div>\n\t\t\t\t<\/div>\n\t\t<div data-particle_enable=\"false\" data-particle-mobile-disabled=\"false\" class=\"elementor-element elementor-element-d3c1b86 e-flex e-con-boxed e-con e-parent\" data-id=\"d3c1b86\" data-element_type=\"container\">\n\t\t\t\t\t<div class=\"e-con-inner\">\n\t\t\t\t<div class=\"elementor-element elementor-element-b33f378 elementor-widget__width-initial elementor-widget elementor-widget-text-editor\" data-id=\"b33f378\" data-element_type=\"widget\" data-widget_type=\"text-editor.default\">\n\t\t\t\t<div class=\"elementor-widget-container\">\n\t\t\t\t\t\t\t\t\tInformation clause on the processing of personal data for persons whose data are processed in connection with visiting and using the functionality of the &#8220;Magnicity Warsaw&#8221; channel on YouTube\n<h5>Table of contents<\/h5>\n<ul>\n \t<li><a href=\"#sekcja1\">1. personal data controller<\/a><\/li>\n \t<li><a href=\"#sekcja2\">2 Contacting the Administrator<\/a><\/li>\n \t<li><a href=\"#sekcja3\">3. purposes and basis of processing<\/a><\/li>\n \t<li><a href=\"#sekcja4\">4 Data sources<\/a><\/li>\n \t<li><a href=\"#sekcja5\">5 Data categories<\/a><\/li>\n \t<li><a href=\"#sekcja6\">6 Data recipients<\/a><\/li>\n \t<li><a href=\"#sekcja7\">7 Processing outside the EEA<\/a><\/li>\n \t<li><a href=\"#sekcja8\">8 Data retention period<\/a><\/li>\n \t<li><a href=\"#sekcja9\">9. your powers<\/a><\/li>\n \t<li><a href=\"#sekcja10\">10. right to file a complaint<\/a><\/li>\n \t<li><a href=\"#sekcja11\">11. voluntariness of providing data<\/a><\/li>\n \t<li><a href=\"#sekcja12\">12. profiling<\/a><\/li>\n<\/ul>\n<section id=\"sekcja1\">\n<h5>1 [Personal data controller] The controller of personal data<\/h5>\na) within the framework of visiting and using the functionality of the Channel is Magnicity Warsaw Sp\u00f3\u0142ka z ograniczon\u0105 odpowiedzialno\u015bci\u0105 with its registered office in Warsaw, 59 Z\u0142ota Street, 00-120 Warsaw, registered in the register of entrepreneurs, kept by the District Court for the City of Warsaw in Warsaw, XII Economic Department of the National Court Register, under KRS number: 0001043051, NIP: 5252961210, REGON: 525637863 (&#8220;Administrator&#8221;),  \n\n(b) and as jointly responsible for the processing of the data of visitors and users of the functionality of the Channel, the YouTube administrator, Google Ireland Limited with its registered office at Gordon House, Barrow Street, Dublin 4, Ireland (&#8220;Google Ireland&#8221;). More information about the processing of your data by Google Ireland can be found at <a href=\"https:\/\/policies.google.com\/privacy?hl=pl&amp;gl=pl\" target=\"_blank\" rel=\"noopener\">https:\/\/policies.google.com\/privacy?hl=pl&amp;gl=pl.<\/a> \n\n<\/section><section id=\"sekcja2\">\n<h5>2 [Contacting the Administrator].<\/h5>\nThe Administrator can be contacted by mail at the registered office address given above, as well as by email at <a href=\"mailto:info@highllnewarsaw.org\">info@highllnewarsaw.org.<\/a>\n\n<\/section><section id=\"sekcja3\">\n<h5>3 [Purposes and basis of processing].<\/h5>\nPersonal data processed in connection with visiting and using the functionality of the Channel will be processed for the purpose of:\n\n(a) administration and management of the Canal, including :\n<ul>\n \t<li>Supervision of published content to ensure order and security of users of the Channel, to prevent fraud, to ensure the security of the ICT environment,<\/li>\n \t<li>To respond to comments posted by users in order to ensure proper communication,<\/li>\n \t<li>Analyzing the activity of users of the Channel, including for the purpose of collecting data on the number of interactions (e.g., likes), comments, tags and shares of the Channel or content posted on it &#8211; for analytical and statistical purposes in order to better understand the market and the needs of users, which makes it possible to adjust content and communication strategy;<\/li>\n \t<li>Marketing and promotion of the Administrator&#8217;s and the Administrator&#8217;s group companies&#8217; products and services in order to identify users interested in a given topic and to conduct activities aimed at increasing the number of observers and active members of the Channel&#8217;s community based on the Administrator&#8217;s legitimate interest in marketing its own and the Administrator&#8217;s group companies&#8217; products and services, ensuring continuity of business communications and taking care of the brand image of the Administrator and the Administrator&#8217;s group companies (Article 6(1)(f) RODO);<\/li>\n<\/ul>\nb) to conduct communications, including responding to messages via email, based on the Administrator&#8217;s legitimate interest in maintaining contact with persons interested in the Administrator&#8217;s business, conducting all communications in a timely manner in connection with the Administrator&#8217;s business, ensuring the quality of cooperation with customers and other interested parties (Article 6(1)(f) RODO);\n\n(c) to establish, assert or defend against claims on the basis of the Administrator&#8217;s legitimate interest in securing information for the purpose of proving certain facts, establishing, asserting and defending against claims (Article 6(1)(f) RODO).\n\n<\/section><section id=\"sekcja4\">\n<h5>4 [Data sources].<\/h5>\nThe source of data related to your visit and use of the Channel is primarily you as a YouTube user. Your statistical data is obtained by the Administrator from Google Ireland. \n\n<\/section><section id=\"sekcja5\">\n<h5>5 [Data categories].<\/h5>\nInformation about users is processed depending on how users use the Channel. In particular, the Administrator may process the following information about you: \n<ul>\n \t<li>(a) the profile information you provide (found on your channel) that you have marked as public, such as, for example, your channel name, which may include your name, profile photo, recommended channels, playlists created, videos shared, the date you joined YouTube, the number of subscribers, the number of views of your channel, your locations, and data found in your description;<\/li>\n \t<li>(b) Your activity: subscribing to a Channel, viewing a specific video, adding a comment to a specific video, reacting to a specific video (e.g., liking), commenting on a specific video, sharing a specific video, saving a specific video to your playlist, tagging the Administrator in your comments on other Channels;<\/li>\n \t<li>(c) private messages addressed to the Administrator: the content of these messages and any personal data related to them;<\/li>\n \t<li>(d) statistical data: the YouTube administrator, Google Ireland, may &#8211; based on the data it collects &#8211; create anonymous summaries and statistics (e.g. regarding the number or profile of visitors to the Channel), which may be shared with the Administrator, as the operator of the Channel.<\/li>\n<\/ul>\n<\/section><section id=\"sekcja6\">\n<h5>6 [Data recipients].<\/h5>\nThe recipients of your personal data are:\n<ul>\n \t<li>(a) Google Ireland. Your personal data processed on YouTube in connection with your visit to and use of the functionality of the Channel is available to Google Ireland as administrator of YouTube; <\/li>\n \t<li>(b) other YouTube users. Any personal information contained in comments, tags and other publicly available data posted on the Channel may also be available to other YouTube users; <\/li>\n \t<li>(c) other recipients, if necessary to achieve the purpose of processing. In such a case, the Administrator will transfer personal data in particular to the following recipients: entities that provide IT support services to the Administrator, including IT systems maintenance and servicing, data hosting and cloud services, authorized employees and associates, marketing agency, postal operators and couriers, law firms, Magnicity Warsaw group companies; <\/li>\n \t<li>(d) The Administrator may be required to make the data available to authorities and institutions authorized to access the data by law, such as the police, the prosecutor&#8217;s office, the courts.<\/li>\n<\/ul>\n<\/section><section id=\"sekcja7\">\n<h5>7 [Processing outside the EEA].<\/h5>\nAs a general rule, the Administrator does not transfer your personal data to a third country (i.e. a country outside the European Economic Area). If such a transfer of your personal data were to take place &#8211; the Administrator will do so on the basis of standard safeguard clauses (based on Article 46(2)(c) of the RODO) or provide another mechanism that is lawful and legalizes such a transfer and provides adequate guarantees for the protection of personal data in accordance with the applicable legal provisions in this regard. \n\nIn connection with the use of YouTube, data is transferred to third countries by Google Ireland. The Administrator has no control over how Google Ireland handles your personal data and transfers it to third countries. \n\n<\/section><section id=\"sekcja8\">\n<h5>8 [Data retention period].<\/h5>\nPersonal data processed by the Administrator for the duration of the Channel or the period for which you are an active user of the Channel (e.g., until you unsubscribe from the Channel), unless an effective objection to such processing is raised beforehand. Thereafter, your personal data will be processed for the period specified in the statute of limitations for claims, unless an effective objection to such processing is raised beforehand. As a general rule, the Administrator has no control over the period of processing of your personal data for Google Ireland&#8217;s own purposes, which results from Google Ireland&#8217;s processing rules available on YouTube (in YouTube&#8217;s Terms of Service and Privacy Policy).  \n\n<\/section><section id=\"sekcja9\">\n<h5>9 [Your powers].<\/h5>\nYou have the right to request from the Administrator access to your personal data, rectification, erasure, restriction of processing and data portability. You have the right to object to the processing of your personal data, whereby the right to object will not be exercised if there are valid legitimate grounds for processing that override your interests, rights and freedoms. \n\n<\/section><section id=\"sekcja10\">\n<h5>10 [Right to file a complaint].<\/h5>\nYou may complain about the Administrator&#8217;s actions to the competent supervisory authority, in particular in the country of your habitual residence, your place of work or the place where the alleged violation was committed.\n\n<\/section><section id=\"sekcja11\">\n<h5>11 [Voluntariness of providing data].<\/h5>\nProviding data within the framework of using the functionality of the Channel is voluntary. Failure to provide data may prevent the use of certain functionalities (such as the ability to post comments or subscribe to the Channel). \n\n<\/section><section id=\"sekcja12\">\n<h5>12 [Profiling].<\/h5>\nThe administrator does not perform profiling, including automated decisions against you.\n\n<\/section>\t\t\t\t\t\t\t\t<\/div>\n\t\t\t\t<\/div>\n\t\t\t\t\t<\/div>\n\t\t\t\t<\/div>\n\t\t\t\t<\/div>\n\t\t","protected":false},"excerpt":{"rendered":"<p>Kluazula Youtube Information clause on the processing of personal data for persons whose data are processed in connection with visiting and using the functionality of the &#8220;Magnicity Warsaw&#8221; channel on YouTube Table of contents 1. personal data controller 2 Contacting the Administrator 3. purposes and basis of processing 4 Data sources 5 Data categories 6 [&hellip;]<\/p>\n","protected":false},"author":3,"featured_media":0,"parent":0,"menu_order":0,"comment_status":"closed","ping_status":"closed","template":"","meta":{"footnotes":""},"class_list":["post-5529","page","type-page","status-publish","hentry"],"_links":{"self":[{"href":"https:\/\/highllnewarsaw.org\/en\/wp-json\/wp\/v2\/pages\/5529","targetHints":{"allow":["GET"]}}],"collection":[{"href":"https:\/\/highllnewarsaw.org\/en\/wp-json\/wp\/v2\/pages"}],"about":[{"href":"https:\/\/highllnewarsaw.org\/en\/wp-json\/wp\/v2\/types\/page"}],"author":[{"embeddable":true,"href":"https:\/\/highllnewarsaw.org\/en\/wp-json\/wp\/v2\/users\/3"}],"replies":[{"embeddable":true,"href":"https:\/\/highllnewarsaw.org\/en\/wp-json\/wp\/v2\/comments?post=5529"}],"version-history":[{"count":1,"href":"https:\/\/highllnewarsaw.org\/en\/wp-json\/wp\/v2\/pages\/5529\/revisions"}],"predecessor-version":[{"id":5530,"href":"https:\/\/highllnewarsaw.org\/en\/wp-json\/wp\/v2\/pages\/5529\/revisions\/5530"}],"wp:attachment":[{"href":"https:\/\/highllnewarsaw.org\/en\/wp-json\/wp\/v2\/media?parent=5529"}],"curies":[{"name":"wp","href":"https:\/\/api.w.org\/{rel}","templated":true}]}}