{"id":4999,"date":"2025-08-21T12:43:29","date_gmt":"2025-08-21T12:43:29","guid":{"rendered":"https:\/\/highllnewarsaw.org\/facebook-clause\/"},"modified":"2025-09-04T09:59:48","modified_gmt":"2025-09-04T09:59:48","slug":"facebook-clause","status":"publish","type":"page","link":"https:\/\/highllnewarsaw.org\/en\/facebook-clause\/","title":{"rendered":"Facebook clause"},"content":{"rendered":"\t\t<div data-elementor-type=\"wp-page\" data-elementor-id=\"4999\" class=\"elementor elementor-4999 elementor-4994\" data-elementor-post-type=\"page\">\n\t\t\t\t<div data-particle_enable=\"false\" data-particle-mobile-disabled=\"false\" class=\"elementor-element elementor-element-096d1b5 e-flex e-con-boxed e-con e-parent\" data-id=\"096d1b5\" data-element_type=\"container\" data-settings=\"{&quot;background_background&quot;:&quot;classic&quot;}\">\n\t\t\t\t\t<div class=\"e-con-inner\">\n\t\t\t\t<div class=\"elementor-element elementor-element-e383733 elementor-widget__width-initial elementor-invisible elementor-widget elementor-widget-heading\" data-id=\"e383733\" data-element_type=\"widget\" data-settings=\"{&quot;_animation&quot;:&quot;fadeInUp&quot;}\" data-widget_type=\"heading.default\">\n\t\t\t\t<div class=\"elementor-widget-container\">\n\t\t\t\t\t<h1 class=\"elementor-heading-title elementor-size-default\">Kluazula Facebook<\/h1>\t\t\t\t<\/div>\n\t\t\t\t<\/div>\n\t\t\t\t\t<\/div>\n\t\t\t\t<\/div>\n\t\t<div data-particle_enable=\"false\" data-particle-mobile-disabled=\"false\" class=\"elementor-element elementor-element-d3c1b86 e-flex e-con-boxed e-con e-parent\" data-id=\"d3c1b86\" data-element_type=\"container\">\n\t\t\t\t\t<div class=\"e-con-inner\">\n\t\t\t\t<div class=\"elementor-element elementor-element-b33f378 elementor-widget__width-initial elementor-widget elementor-widget-text-editor\" data-id=\"b33f378\" data-element_type=\"widget\" data-widget_type=\"text-editor.default\">\n\t\t\t\t<div class=\"elementor-widget-container\">\n\t\t\t\t\t\t\t\t\t<p>Information clause on the processing of personal data for persons whose data are processed in connection with visiting or using the functionality of the fanpage &#8220;Magnicity Warsaw&#8221; on Facebook<\/p><h5>Table of contents<\/h5><ul><li><a href=\"#sekcja1\">1. personal data controller<\/a><\/li><li><a href=\"#sekcja2\">2 Contacting the Administrator<\/a><\/li><li><a href=\"#sekcja3\">3. purposes and basis of processing<\/a><\/li><li><a href=\"#sekcja4\">4 Data sources<\/a><\/li><li><a href=\"#sekcja5\">5 Data categories<\/a><\/li><li><a href=\"#sekcja6\">6 Data recipients<\/a><\/li><li><a href=\"#sekcja7\">7 Processing outside the EEA<\/a><\/li><li><a href=\"#sekcja8\">8 Data retention period<\/a><\/li><li><a href=\"#sekcja9\">9. your powers<\/a><\/li><li><a href=\"#sekcja10\">10. right to file a complaint<\/a><\/li><li><a href=\"#sekcja11\">11. voluntariness of providing data<\/a><\/li><li><a href=\"#sekcja12\">12. profiling<\/a><\/li><\/ul><section><h5>1. personal data controller<\/h5><p>a) as part of the use of the fanpage or Messenger in connection with the fanpage is Magnicity Warsaw Sp\u00f3\u0142ka z ograniczon\u0105 odpowiedzialno\u015bci\u0105 with its registered office in Warsaw, Z\u0142ota 59 Street, 00-120 Warsaw, entered in the register of entrepreneurs kept by the District Court for the Capital City of Warsaw in Warsaw, XII Commercial Department of the National Court Register, under KRS number: 0001043051, NIP: 5252961210, REGON: 525637863 (&#8220;Administrator&#8221;).  <\/p><p>(b) in connection with the processing of statistical data about: (i) your activity on the fanpage and (ii) your use of Messenger in connection with the fanpage, the controller is the Administrator and Meta Platforms Ireland Limited with its registered office at Serpentine Avenue, Block J, Dublin 4, Ireland (&#8220;Meta Ireland&#8221;), together acting as joint controllers. For more information about Meta Ireland&#8217;s processing of your data, please visit <a href=\"https:\/\/www.facebook.com\/privacy\/center\/\" target=\"_blank\" rel=\"noopener\">https:\/\/www.facebook.com\/privacy\/center\/.<\/a> For information on the data co-management by the Controller and Meta Ireland, please visit: <a href=\"https:\/\/www.facebook.com\/legal\/terms\/page_controller_addendum\" target=\"_blank\" rel=\"noopener\">https:\/\/www.facebook.com\/legal\/terms\/page_controller_addendum.<\/a>    <\/p><\/section><section><h5>2 Contacting the Administrator<\/h5><p>The Administrator can be contacted by mail at the registered office address given above, as well as by email at <a href=\"mailto:biuro@melitta.de\">biuro@melitta.de.<\/a><\/p><\/section><section><h5>3. purposes and basis of processing<\/h5><p>Personal data processed in connection with visiting or using the fanpage will be processed for the following purposes:<\/p><ul><li>Administer and manage the fanpage, including ensuring order, user security and communication;<\/li><li>conducting communications via Messenger;<\/li><li>establish, assert or defend against claims.<\/li><\/ul><p>The legal basis for the processing is the legitimate interest of the Administrator (Article 6(1)(f) of the RODO) or other required basis.<\/p><\/section><section><h5>4 Data sources<\/h5><p>Personal data comes from data subjects and other sources available to the public or through Facebook services.<\/p><\/section><section><h5>5 Data categories<\/h5><p>The Administrator processes the following categories of personal data:<\/p><ul><li>Identifying information (e.g., name, login, profile photo);<\/li><li>Contact information (e.g., email address);<\/li><li>Activity data on fanpage and Messenger (e.g., comments, likes, messages);<\/li><li>Technical data (e.g. IP, device data, browser).<\/li><\/ul><\/section><section><h5>6 Data recipients<\/h5><p>Data may be transferred to the following recipients:<\/p><ul><li>Co-administering entities (e.g., Meta Ireland);<\/li><li>entities that process data on behalf of the Administrator;<\/li><li>authorized public bodies under the law.<\/li><\/ul><\/section><section><h5>7 Processing outside the EEA<\/h5><p>If personal data is transferred outside the European Economic Area, appropriate data protection mechanisms are provided, such as EU standard contractual clauses.<\/p><\/section><section><h5>8 Data retention period<\/h5><p>Data shall be stored for the period necessary to fulfill the purposes of processing or in accordance with applicable laws.<\/p><\/section><section><h5>9. your powers<\/h5><p>Data subjects have the right to:<\/p><ul><li>Access to and rectification of data;<\/li><li>deletion of data;<\/li><li>processing restrictions;<\/li><li>to object to the processing;<\/li><li>data portability.<\/li><\/ul><\/section><section><h5>10. right to file a complaint<\/h5><p>In the event of a violation of data protection laws, data subjects have the right to file a complaint with the supervisory authority (President of the Office for Personal Data Protection).<\/p><\/section><section><h5>11. voluntariness of providing data<\/h5><p>Provision of data is voluntary, but necessary to provide certain services or contact within the fanpage.<\/p><\/section><section><h5>12. profiling<\/h5><p>The administrator may use profiling to analyze users&#8217; activity and personalize content based on their behavior on the fanpage or Messenger.<\/p><\/section>\t\t\t\t\t\t\t\t<\/div>\n\t\t\t\t<\/div>\n\t\t\t\t\t<\/div>\n\t\t\t\t<\/div>\n\t\t\t\t<\/div>\n\t\t","protected":false},"excerpt":{"rendered":"<p>Kluazula Facebook Information clause on the processing of personal data for persons whose data are processed in connection with visiting or using the functionality of the fanpage &#8220;Magnicity Warsaw&#8221; on Facebook Table of contents 1. personal data controller 2 Contacting the Administrator 3. purposes and basis of processing 4 Data sources 5 Data categories 6 [&hellip;]<\/p>\n","protected":false},"author":3,"featured_media":0,"parent":0,"menu_order":0,"comment_status":"closed","ping_status":"closed","template":"","meta":{"footnotes":""},"class_list":["post-4999","page","type-page","status-publish","hentry"],"_links":{"self":[{"href":"https:\/\/highllnewarsaw.org\/en\/wp-json\/wp\/v2\/pages\/4999","targetHints":{"allow":["GET"]}}],"collection":[{"href":"https:\/\/highllnewarsaw.org\/en\/wp-json\/wp\/v2\/pages"}],"about":[{"href":"https:\/\/highllnewarsaw.org\/en\/wp-json\/wp\/v2\/types\/page"}],"author":[{"embeddable":true,"href":"https:\/\/highllnewarsaw.org\/en\/wp-json\/wp\/v2\/users\/3"}],"replies":[{"embeddable":true,"href":"https:\/\/highllnewarsaw.org\/en\/wp-json\/wp\/v2\/comments?post=4999"}],"version-history":[{"count":5,"href":"https:\/\/highllnewarsaw.org\/en\/wp-json\/wp\/v2\/pages\/4999\/revisions"}],"predecessor-version":[{"id":5536,"href":"https:\/\/highllnewarsaw.org\/en\/wp-json\/wp\/v2\/pages\/4999\/revisions\/5536"}],"wp:attachment":[{"href":"https:\/\/highllnewarsaw.org\/en\/wp-json\/wp\/v2\/media?parent=4999"}],"curies":[{"name":"wp","href":"https:\/\/api.w.org\/{rel}","templated":true}]}}